{"id":873936,"date":"2020-11-10T17:35:12","date_gmt":"2020-11-10T16:35:12","guid":{"rendered":"https:\/\/godspeed.ch\/?page_id=873936"},"modified":"2025-06-18T15:25:30","modified_gmt":"2025-06-18T13:25:30","slug":"financement-a-0","status":"publish","type":"page","link":"https:\/\/wp.godspeed.ch\/fr\/financement-a-0\/","title":{"rendered":"Financement 0%"},"content":{"rendered":"\n<style type=\"text\/css\" data-created_by=\"avia_inline_auto\" id=\"style-css-av-1g6tepq5-8af219e3b3b5bfab542f5b8ddea917e5\">\n.flex_column.av-1g6tepq5-8af219e3b3b5bfab542f5b8ddea917e5{\nborder-radius:0px 0px 0px 0px;\npadding:0px 0px 0px 0px;\n}\n<\/style>\n<div  class='flex_column av-1g6tepq5-8af219e3b3b5bfab542f5b8ddea917e5 av_one_half  avia-builder-el-0  el_before_av_one_half  avia-builder-el-first  first flex_column_div av-zero-column-padding  '     ><form action=\"https:\/\/wp.godspeed.ch\/fr\/financement-a-0\/\" method=\"post\" data-fields-with-error=\"Erreurs trouv\u00e9es dans les champs suivants :\" class=\"avia_ajax_form av-form-labels-visible   avia-builder-el-1  avia-builder-el-no-sibling   \" data-avia-form-id=\"1\" data-avia-redirect='' ><h3 class=''>Demande de financement avec inter\u00eat 0%<\/h3><fieldset><p class='  first_form  form_element form_fullwidth' id='element_avia_1_1'><label for=\"avia_1_1\">\u00cates-vous \"suisse\" ou avez-vous un permis C ou B?  <abbr class=\"required\" title=\"requis(e)\">*<\/abbr><\/label><select  name=\"avia_1_1\" class=\"select is_empty\" id=\"avia_1_1\"><option   value='Suisse'>Suisse<\/option><option   value='Permis C'>Permis C<\/option><option   value='Permis B'>Permis B<\/option><\/select><\/p><p class='  first_form  form_element form_fullwidth' id='element_avia_2_1'><label for=\"avia_2_1\">Date de naissance: <abbr class=\"required\" title=\"requis(e)\">*<\/abbr><\/label> <input name=\"avia_2_1\" class=\"avia_datepicker text_input is_empty\" type=\"text\" id=\"avia_2_1\" value=\"\" placeholder=\"DD \/ MM \/ YY\" inputmode=\"none\" \/><\/p><p class='  first_form  form_element form_fullwidth' id='element_avia_3_1'><label for=\"avia_3_1\">Montant \u00e0 financer en CHF (enti\u00e8re v\u00e9lo ou partielle): <abbr class=\"required\" title=\"requis(e)\">*<\/abbr><\/label> <input name=\"avia_3_1\" class=\"text_input is_empty\" type=\"text\" id=\"avia_3_1\" value=\"\" \/><\/p><p class='  first_form  form_element form_fullwidth' id='element_avia_4_1'><label for=\"avia_4_1\">V\u00e9lo \u00e0 financer: <abbr class=\"required\" title=\"requis(e)\">*<\/abbr><\/label> <input name=\"avia_4_1\" class=\"text_input is_empty\" type=\"text\" id=\"avia_4_1\" value=\"\" \/><\/p><p class='  first_form  form_element form_fullwidth' id='element_avia_5_1'><label for=\"avia_5_1\">Nombre des mensilit\u00e9s:<\/label><select  name=\"avia_5_1\" class=\"select \" id=\"avia_5_1\"><option   value='6 mois'>6 mois<\/option><option   value='12 mois'>12 mois<\/option><option   value='24 mois'>24 mois<\/option><option   value='36 mois'>36 mois<\/option><option   value='48 mois'>48 mois<\/option><\/select><\/p><p class='  first_form  form_element form_fullwidth' id='element_avia_6_1'><label for=\"avia_6_1\">Noms comme dans le document d\u2019identit\u00e9: <abbr class=\"required\" title=\"requis(e)\">*<\/abbr><\/label> <input name=\"avia_6_1\" class=\"text_input is_empty\" type=\"text\" id=\"avia_6_1\" value=\"\" \/><\/p><p class='  first_form  form_element form_fullwidth' id='element_avia_7_1'><label for=\"avia_7_1\">Nom de famille dans le document d\u2019identit\u00e9: <abbr class=\"required\" title=\"requis(e)\">*<\/abbr><\/label> <input name=\"avia_7_1\" class=\"text_input is_empty\" type=\"text\" id=\"avia_7_1\" value=\"\" \/><\/p><p class='  first_form  form_element form_fullwidth' id='element_avia_8_1'><label for=\"avia_8_1\">Rue et num\u00e9ro: <abbr class=\"required\" title=\"requis(e)\">*<\/abbr><\/label> <input name=\"avia_8_1\" class=\"text_input is_empty\" type=\"text\" id=\"avia_8_1\" value=\"\" \/><\/p><p class='  first_form  form_element form_fullwidth' id='element_avia_9_1'><label for=\"avia_9_1\">NPA et Ville  <abbr class=\"required\" title=\"requis(e)\">*<\/abbr><\/label> <input name=\"avia_9_1\" class=\"text_input is_empty\" type=\"text\" id=\"avia_9_1\" value=\"\" \/><\/p><p class='  first_form  form_element form_fullwidth' id='element_avia_10_1'><label for=\"avia_10_1\">E-Mail <abbr class=\"required\" title=\"requis(e)\">*<\/abbr><\/label> <input name=\"avia_10_1\" class=\"text_input is_email\" type=\"text\" id=\"avia_10_1\" value=\"\" \/><\/p><p class='  first_form  form_element form_fullwidth' id='element_avia_11_1'><label for=\"avia_11_1\">T\u00e9l\u00e9phone <abbr class=\"required\" title=\"requis(e)\">*<\/abbr><\/label> <input name=\"avia_11_1\" class=\"text_input is_empty\" type=\"text\" id=\"avia_11_1\" value=\"\" \/><\/p><p class=\"hidden\"><input type=\"text\" name=\"avia_12_1\" class=\"hidden \" id=\"avia_12_1\" value=\"\" \/><\/p><p class='   form_element form_fullwidth' id='element_avia_13_1'><span class='value_verifier_label'>6 + 1 = ?<\/span><input name=\"avia_13_1_verifier\" type=\"hidden\" id=\"avia_13_1_verifier\" value=\"877785766\"\/><label for=\"avia_13_1\">Merci de prouver que vous \u00eates un humain en donnant le r\u00e9sultat de cette op\u00e9ration <abbr class=\"required\" title=\"requis(e)\">*<\/abbr><\/label><input name=\"avia_13_1\" class=\"text_input captcha\" type=\"text\" id=\"avia_13_1\" value=\"\"\/><\/p><p class=\"form_element \"><input type=\"hidden\" value=\"1\" name=\"avia_generated_form1\" \/><input type=\"submit\" value=\"Inviare\" class=\"button\"  data-sending-label=\"Envoi\"\/><\/p><\/fieldset><\/form><div id=\"ajaxresponse_1\" class=\"ajaxresponse ajaxresponse_1 hidden\"><\/div><\/div>\n<style type=\"text\/css\" data-created_by=\"avia_inline_auto\" id=\"style-css-av-5hw67el-ab87bcfc8aae0d79077ab116e40fbf66\">\n.flex_column.av-5hw67el-ab87bcfc8aae0d79077ab116e40fbf66{\nborder-radius:0px 0px 0px 0px;\npadding:0px 0px 0px 0px;\n}\n<\/style>\n<div  class='flex_column av-5hw67el-ab87bcfc8aae0d79077ab116e40fbf66 av_one_half  avia-builder-el-2  el_after_av_one_half  avia-builder-el-last  flex_column_div av-zero-column-padding  '     ><\/div><\/p>\n","protected":false},"excerpt":{"rendered":"","protected":false},"author":1,"featured_media":0,"parent":0,"menu_order":0,"comment_status":"closed","ping_status":"closed","template":"template-blank.php","meta":{"jetpack_post_was_ever_published":false,"footnotes":""},"class_list":["post-873936","page","type-page","status-publish","hentry"],"yoast_head":"<!-- This site is optimized with the Yoast SEO plugin v27.5 - https:\/\/yoast.com\/product\/yoast-seo-wordpress\/ -->\n<title>Financement 0% - GODSPEED ebike Lugano, Locarno, Mendrisio<\/title>\n<meta name=\"robots\" content=\"index, follow, max-snippet:-1, max-image-preview:large, max-video-preview:-1\" \/>\n<link rel=\"canonical\" href=\"https:\/\/wp.godspeed.ch\/fr\/financement-a-0\/\" \/>\n<meta property=\"og:locale\" content=\"fr_FR\" \/>\n<meta property=\"og:type\" content=\"article\" \/>\n<meta property=\"og:title\" content=\"Financement 0% - GODSPEED ebike Lugano, Locarno, Mendrisio\" \/>\n<meta property=\"og:url\" content=\"https:\/\/wp.godspeed.ch\/fr\/financement-a-0\/\" \/>\n<meta property=\"og:site_name\" content=\"GODSPEED ebike Lugano, Locarno, Mendrisio\" \/>\n<meta property=\"article:publisher\" content=\"https:\/\/www.facebook.com\/godspeedbikes\/\" \/>\n<meta property=\"article:modified_time\" content=\"2025-06-18T13:25:30+00:00\" \/>\n<meta property=\"og:image\" content=\"https:\/\/i0.wp.com\/wp.godspeed.ch\/wp-content\/uploads\/2017\/05\/Godspeed-logo.png?fit=560%2C235&ssl=1\" \/>\n\t<meta property=\"og:image:width\" content=\"560\" \/>\n\t<meta property=\"og:image:height\" content=\"235\" \/>\n\t<meta property=\"og:image:type\" content=\"image\/png\" \/>\n<meta name=\"twitter:card\" content=\"summary_large_image\" \/>\n<meta name=\"twitter:label1\" content=\"Dur\u00e9e de lecture estim\u00e9e\" \/>\n\t<meta name=\"twitter:data1\" content=\"1 minute\" \/>\n<script type=\"application\/ld+json\" class=\"yoast-schema-graph\">{\"@context\":\"https:\\\/\\\/schema.org\",\"@graph\":[{\"@type\":\"WebPage\",\"@id\":\"https:\\\/\\\/wp.godspeed.ch\\\/fr\\\/financement-a-0\\\/\",\"url\":\"https:\\\/\\\/wp.godspeed.ch\\\/fr\\\/financement-a-0\\\/\",\"name\":\"Financement 0% - GODSPEED ebike Lugano, Locarno, Mendrisio\",\"isPartOf\":{\"@id\":\"https:\\\/\\\/wp.godspeed.ch\\\/de\\\/#website\"},\"datePublished\":\"2020-11-10T16:35:12+00:00\",\"dateModified\":\"2025-06-18T13:25:30+00:00\",\"breadcrumb\":{\"@id\":\"https:\\\/\\\/wp.godspeed.ch\\\/fr\\\/financement-a-0\\\/#breadcrumb\"},\"inLanguage\":\"fr-FR\",\"potentialAction\":[{\"@type\":\"ReadAction\",\"target\":[\"https:\\\/\\\/wp.godspeed.ch\\\/fr\\\/financement-a-0\\\/\"]}]},{\"@type\":\"BreadcrumbList\",\"@id\":\"https:\\\/\\\/wp.godspeed.ch\\\/fr\\\/financement-a-0\\\/#breadcrumb\",\"itemListElement\":[{\"@type\":\"ListItem\",\"position\":1,\"name\":\"Home\",\"item\":\"https:\\\/\\\/wp.godspeed.ch\\\/fr\\\/\"},{\"@type\":\"ListItem\",\"position\":2,\"name\":\"Financement 0%\"}]},{\"@type\":\"WebSite\",\"@id\":\"https:\\\/\\\/wp.godspeed.ch\\\/de\\\/#website\",\"url\":\"https:\\\/\\\/wp.godspeed.ch\\\/de\\\/\",\"name\":\"GODSPEED ebike Lugano, Locarno, Mendrisio\",\"description\":\"migliore negozio ebike a Lugano, Locarno, Mendrisio\",\"publisher\":{\"@id\":\"https:\\\/\\\/wp.godspeed.ch\\\/de\\\/#organization\"},\"potentialAction\":[{\"@type\":\"SearchAction\",\"target\":{\"@type\":\"EntryPoint\",\"urlTemplate\":\"https:\\\/\\\/wp.godspeed.ch\\\/de\\\/?s={search_term_string}\"},\"query-input\":{\"@type\":\"PropertyValueSpecification\",\"valueRequired\":true,\"valueName\":\"search_term_string\"}}],\"inLanguage\":\"fr-FR\"},{\"@type\":\"Organization\",\"@id\":\"https:\\\/\\\/wp.godspeed.ch\\\/de\\\/#organization\",\"name\":\"GODSPEED\",\"url\":\"https:\\\/\\\/wp.godspeed.ch\\\/de\\\/\",\"logo\":{\"@type\":\"ImageObject\",\"inLanguage\":\"fr-FR\",\"@id\":\"https:\\\/\\\/wp.godspeed.ch\\\/de\\\/#\\\/schema\\\/logo\\\/image\\\/\",\"url\":\"https:\\\/\\\/i0.wp.com\\\/godspeed.ch\\\/wp-content\\\/uploads\\\/2020\\\/10\\\/Godspeed-logo-AND-MORE.gif?fit=400%2C169&ssl=1\",\"contentUrl\":\"https:\\\/\\\/i0.wp.com\\\/godspeed.ch\\\/wp-content\\\/uploads\\\/2020\\\/10\\\/Godspeed-logo-AND-MORE.gif?fit=400%2C169&ssl=1\",\"width\":400,\"height\":169,\"caption\":\"GODSPEED\"},\"image\":{\"@id\":\"https:\\\/\\\/wp.godspeed.ch\\\/de\\\/#\\\/schema\\\/logo\\\/image\\\/\"},\"sameAs\":[\"https:\\\/\\\/www.facebook.com\\\/godspeedbikes\\\/\",\"https:\\\/\\\/www.instagram.com\\\/godspeed_ebikes\\\/?hl=it\",\"https:\\\/\\\/www.linkedin.com\\\/company\\\/godspeed-ebikes-cafe\\\/\",\"https:\\\/\\\/m.youtube.com\\\/channel\\\/UCqgT-9t1CyvhqO856ObaEXg\\\/feed\"]}]}<\/script>\n<!-- \/ Yoast SEO plugin. -->","yoast_head_json":{"title":"Financement 0% - GODSPEED ebike Lugano, Locarno, Mendrisio","robots":{"index":"index","follow":"follow","max-snippet":"max-snippet:-1","max-image-preview":"max-image-preview:large","max-video-preview":"max-video-preview:-1"},"canonical":"https:\/\/wp.godspeed.ch\/fr\/financement-a-0\/","og_locale":"fr_FR","og_type":"article","og_title":"Financement 0% - GODSPEED ebike Lugano, Locarno, Mendrisio","og_url":"https:\/\/wp.godspeed.ch\/fr\/financement-a-0\/","og_site_name":"GODSPEED ebike Lugano, Locarno, Mendrisio","article_publisher":"https:\/\/www.facebook.com\/godspeedbikes\/","article_modified_time":"2025-06-18T13:25:30+00:00","og_image":[{"width":560,"height":235,"url":"https:\/\/i0.wp.com\/wp.godspeed.ch\/wp-content\/uploads\/2017\/05\/Godspeed-logo.png?fit=560%2C235&ssl=1","type":"image\/png"}],"twitter_card":"summary_large_image","twitter_misc":{"Dur\u00e9e de lecture estim\u00e9e":"1 minute"},"schema":{"@context":"https:\/\/schema.org","@graph":[{"@type":"WebPage","@id":"https:\/\/wp.godspeed.ch\/fr\/financement-a-0\/","url":"https:\/\/wp.godspeed.ch\/fr\/financement-a-0\/","name":"Financement 0% - GODSPEED ebike Lugano, Locarno, Mendrisio","isPartOf":{"@id":"https:\/\/wp.godspeed.ch\/de\/#website"},"datePublished":"2020-11-10T16:35:12+00:00","dateModified":"2025-06-18T13:25:30+00:00","breadcrumb":{"@id":"https:\/\/wp.godspeed.ch\/fr\/financement-a-0\/#breadcrumb"},"inLanguage":"fr-FR","potentialAction":[{"@type":"ReadAction","target":["https:\/\/wp.godspeed.ch\/fr\/financement-a-0\/"]}]},{"@type":"BreadcrumbList","@id":"https:\/\/wp.godspeed.ch\/fr\/financement-a-0\/#breadcrumb","itemListElement":[{"@type":"ListItem","position":1,"name":"Home","item":"https:\/\/wp.godspeed.ch\/fr\/"},{"@type":"ListItem","position":2,"name":"Financement 0%"}]},{"@type":"WebSite","@id":"https:\/\/wp.godspeed.ch\/de\/#website","url":"https:\/\/wp.godspeed.ch\/de\/","name":"GODSPEED ebike Lugano, Locarno, Mendrisio","description":"migliore negozio ebike a Lugano, Locarno, Mendrisio","publisher":{"@id":"https:\/\/wp.godspeed.ch\/de\/#organization"},"potentialAction":[{"@type":"SearchAction","target":{"@type":"EntryPoint","urlTemplate":"https:\/\/wp.godspeed.ch\/de\/?s={search_term_string}"},"query-input":{"@type":"PropertyValueSpecification","valueRequired":true,"valueName":"search_term_string"}}],"inLanguage":"fr-FR"},{"@type":"Organization","@id":"https:\/\/wp.godspeed.ch\/de\/#organization","name":"GODSPEED","url":"https:\/\/wp.godspeed.ch\/de\/","logo":{"@type":"ImageObject","inLanguage":"fr-FR","@id":"https:\/\/wp.godspeed.ch\/de\/#\/schema\/logo\/image\/","url":"https:\/\/i0.wp.com\/godspeed.ch\/wp-content\/uploads\/2020\/10\/Godspeed-logo-AND-MORE.gif?fit=400%2C169&ssl=1","contentUrl":"https:\/\/i0.wp.com\/godspeed.ch\/wp-content\/uploads\/2020\/10\/Godspeed-logo-AND-MORE.gif?fit=400%2C169&ssl=1","width":400,"height":169,"caption":"GODSPEED"},"image":{"@id":"https:\/\/wp.godspeed.ch\/de\/#\/schema\/logo\/image\/"},"sameAs":["https:\/\/www.facebook.com\/godspeedbikes\/","https:\/\/www.instagram.com\/godspeed_ebikes\/?hl=it","https:\/\/www.linkedin.com\/company\/godspeed-ebikes-cafe\/","https:\/\/m.youtube.com\/channel\/UCqgT-9t1CyvhqO856ObaEXg\/feed"]}]}},"jetpack_sharing_enabled":true,"jetpack_shortlink":"https:\/\/wp.me\/P8HWmD-3FlK","jetpack-related-posts":[{"id":206,"url":"https:\/\/wp.godspeed.ch\/home-3\/","url_meta":{"origin":873936,"position":0},"title":"ebike Lugano, Locarno, Mendrisio, Bellinzona, Zurigo","author":"quike","date":"janvier 1, 2017","format":false,"excerpt":"","rel":"","context":"Article similaire","block_context":{"text":"Article similaire","link":""},"img":{"alt_text":"","src":"","width":0,"height":0},"classes":[]},{"id":688141,"url":"https:\/\/wp.godspeed.ch\/de\/home\/","url_meta":{"origin":873936,"position":1},"title":"E-Bike laden Schweiz &#8211; Online Ebike g\u00fcnstig kaufen","author":"quike","date":"mai 10, 2017","format":false,"excerpt":"","rel":"","context":"Article similaire","block_context":{"text":"Article similaire","link":""},"img":{"alt_text":"","src":"","width":0,"height":0},"classes":[]},{"id":632,"url":"https:\/\/wp.godspeed.ch\/dove\/","url_meta":{"origin":873936,"position":2},"title":"Dove","author":"quike","date":"f\u00e9vrier 2, 2017","format":false,"excerpt":"","rel":"","context":"Article similaire","block_context":{"text":"Article similaire","link":""},"img":{"alt_text":"","src":"","width":0,"height":0},"classes":[]},{"id":644,"url":"https:\/\/wp.godspeed.ch\/meet-the-team\/","url_meta":{"origin":873936,"position":3},"title":"Meet the Team","author":"quike","date":"f\u00e9vrier 2, 2017","format":false,"excerpt":"","rel":"","context":"Article similaire","block_context":{"text":"Article similaire","link":""},"img":{"alt_text":"","src":"","width":0,"height":0},"classes":[]},{"id":872127,"url":"https:\/\/wp.godspeed.ch\/fr\/meet-the-team\/","url_meta":{"origin":873936,"position":4},"title":"Meet the Team","author":"quike","date":"avril 3, 2020","format":false,"excerpt":"","rel":"","context":"Article similaire","block_context":{"text":"Article similaire","link":""},"img":{"alt_text":"","src":"","width":0,"height":0},"classes":[]},{"id":670325,"url":"https:\/\/wp.godspeed.ch\/en\/layerslider\/","url_meta":{"origin":873936,"position":5},"title":"Layerslider","author":"quike","date":"f\u00e9vrier 13, 2017","format":false,"excerpt":"","rel":"","context":"Article similaire","block_context":{"text":"Article similaire","link":""},"img":{"alt_text":"","src":"","width":0,"height":0},"classes":[]}],"_links":{"self":[{"href":"https:\/\/wp.godspeed.ch\/fr\/wp-json\/wp\/v2\/pages\/873936","targetHints":{"allow":["GET"]}}],"collection":[{"href":"https:\/\/wp.godspeed.ch\/fr\/wp-json\/wp\/v2\/pages"}],"about":[{"href":"https:\/\/wp.godspeed.ch\/fr\/wp-json\/wp\/v2\/types\/page"}],"author":[{"embeddable":true,"href":"https:\/\/wp.godspeed.ch\/fr\/wp-json\/wp\/v2\/users\/1"}],"replies":[{"embeddable":true,"href":"https:\/\/wp.godspeed.ch\/fr\/wp-json\/wp\/v2\/comments?post=873936"}],"version-history":[{"count":27,"href":"https:\/\/wp.godspeed.ch\/fr\/wp-json\/wp\/v2\/pages\/873936\/revisions"}],"predecessor-version":[{"id":875356,"href":"https:\/\/wp.godspeed.ch\/fr\/wp-json\/wp\/v2\/pages\/873936\/revisions\/875356"}],"wp:attachment":[{"href":"https:\/\/wp.godspeed.ch\/fr\/wp-json\/wp\/v2\/media?parent=873936"}],"curies":[{"name":"wp","href":"https:\/\/api.w.org\/{rel}","templated":true}]}}